{"id":36,"date":"2013-04-30T12:29:49","date_gmt":"2013-04-30T12:29:49","guid":{"rendered":"http:\/\/kulturinsz.de\/cms\/?page_id=36"},"modified":"2015-06-30T20:16:34","modified_gmt":"2015-06-30T18:16:34","slug":"impressum","status":"publish","type":"page","link":"https:\/\/www.schubladenfrei.com\/cms\/impressum\/","title":{"rendered":"Impressum"},"content":{"rendered":"<p><em>Verantwortlich f\u00fcr den Inhalt von schubladenfrei.de :<\/em><\/p>\n<p>Florian Hessler<br \/>\nLepsiusstr. 79<br \/>\n12163 Berlin<br \/>\n0176\/27178460<br \/>\nfloh.hessler[at]schubladenfrei.de<\/p>\n<p>und<\/p>\n<p>Janina Stein<br \/>\nEichenweg 10<br \/>\n96242 Sonnefeld<br \/>\n0159\/02800064<br \/>\njanina.stein[at]schubladenfrei.de<\/p>\n<p>&nbsp;<\/p>\n<p>Technische Beratung \/ Webmaster:<br \/>\nCarsten Berger<br \/>\n<span class=\"_5yl5\" data-reactid=\".8l.$mid=11435687875818=2cba69117f016955233.2:0.0.0.0.0\"><span data-reactid=\".8l.$mid=11435687875818=2cba69117f016955233.2:0.0.0.0.0.0\">info[at]KulturInSZ.de<\/span><\/span><\/p>\n<p>&nbsp;<\/p>\n<p><em>Urheberrecht:<\/em><br \/>\nDas Urheberrecht der ver\u00f6ffentlichten Texte und Bilder verbleibt beim jeweils angegebenen Autor.<\/p>\n<p><em>Haftungshinweis:<\/em><br \/>\nTrotz sorgf\u00e4ltiger inhaltlicher Kontrolle \u00fcbernehmen wir keine Haftung f\u00fcr die Inhalte externer Links. F\u00fcr den Inhalt der verlinkten Seiten sind ausschlie\u00dflich deren Betreiber verantwortlich.<br \/>\nEs besteht trotz gr\u00f6\u00dftm\u00f6glicher Sorgfalt keine Gew\u00e4hr f\u00fcr die Richtigkeit aller Angaben. Bei Fehlangaben, Verschiebung oder Ausfall von Veranstaltungen kann keine Haftung f\u00fcr entstehende Kosten \u00fcbernommen werden, es bietet sich daher an, Terminangaben beim jeweiligen Veranstalter nachzufragen.<\/p>\n<p><em>Datenschutz:<\/em><br \/>\nschubladenfrei.de verwendet Dienste von <a href=\"http:\/\/www.google.com\/analytics\/\" target=\"_blank\">Google<\/a> zur Benutzerz\u00e4hlung. W\u00fcnschen Sie nicht, dass Google Werte (&#8222;Cookies&#8220;) auf Ihrem Rechner speichert, deaktivieren Sie bitte die Cookies in Ihrem Browser.<\/p>\n<p><em>Danksagung:<\/em><br \/>\nschubladenfrei.de verwendet <a href=\"http:\/\/www.wordpress.org\" target=\"_blank\">WordPress<\/a>. Wir danken den Entwicklern und der Community dieses Open-Source Content Managements!<\/p>\n<hr \/>\n<blockquote>\n<p style=\"text-align: center;\">&#8222;Kultur ist kein Ornament. Sie ist das Fundament,<br \/>\nauf dem unsere Gesellschaft steht und auf das sie baut.&#8220;<\/p>\n<\/blockquote>\n<p style=\"text-align: center;\">Enquete-Kommission \u201eKultur in Deutschland\u201c des Deutschen Bundestages, 11. 12. 2007<\/p>\n<hr \/>\n","protected":false},"excerpt":{"rendered":"<p>Verantwortlich f\u00fcr den Inhalt von schubladenfrei.de : Florian Hessler Lepsiusstr. 79 12163 Berlin 0176\/27178460 floh.hessler[at]schubladenfrei.de und Janina Stein Eichenweg 10 96242 Sonnefeld 0159\/02800064 janina.stein[at]schubladenfrei.de &nbsp; Technische Beratung \/ Webmaster: Carsten Berger info[at]KulturInSZ.de &nbsp; Urheberrecht: Das Urheberrecht der ver\u00f6ffentlichten Texte und &hellip; <a href=\"https:\/\/www.schubladenfrei.com\/cms\/impressum\/\">Weiterlesen <span class=\"meta-nav\">&rarr;<\/span><\/a><\/p>\n","protected":false},"author":3,"featured_media":0,"parent":0,"menu_order":0,"comment_status":"closed","ping_status":"closed","template":"","meta":[],"_links":{"self":[{"href":"https:\/\/www.schubladenfrei.com\/cms\/wp-json\/wp\/v2\/pages\/36"}],"collection":[{"href":"https:\/\/www.schubladenfrei.com\/cms\/wp-json\/wp\/v2\/pages"}],"about":[{"href":"https:\/\/www.schubladenfrei.com\/cms\/wp-json\/wp\/v2\/types\/page"}],"author":[{"embeddable":true,"href":"https:\/\/www.schubladenfrei.com\/cms\/wp-json\/wp\/v2\/users\/3"}],"replies":[{"embeddable":true,"href":"https:\/\/www.schubladenfrei.com\/cms\/wp-json\/wp\/v2\/comments?post=36"}],"version-history":[{"count":51,"href":"https:\/\/www.schubladenfrei.com\/cms\/wp-json\/wp\/v2\/pages\/36\/revisions"}],"predecessor-version":[{"id":6266,"href":"https:\/\/www.schubladenfrei.com\/cms\/wp-json\/wp\/v2\/pages\/36\/revisions\/6266"}],"wp:attachment":[{"href":"https:\/\/www.schubladenfrei.com\/cms\/wp-json\/wp\/v2\/media?parent=36"}],"curies":[{"name":"wp","href":"https:\/\/api.w.org\/{rel}","templated":true}]}}