{"id":3243,"date":"2013-09-02T12:28:58","date_gmt":"2013-09-02T10:28:58","guid":{"rendered":"http:\/\/kulturinsz.de\/cms\/?page_id=3243"},"modified":"2015-07-01T10:38:03","modified_gmt":"2015-07-01T08:38:03","slug":"uber-uns","status":"publish","type":"page","link":"https:\/\/www.schubladenfrei.com\/cms\/uber-uns\/","title":{"rendered":"\u00dcber uns"},"content":{"rendered":"<p style=\"text-align: justify;\"><strong>Warum Schubladenfrei?<\/strong><\/p>\n<p style=\"text-align: justify;\">Schon lange sind wir im Bereich des Kulturjournalismus t\u00e4tig. Bei der Arbeit f\u00fcr verschiedene Magazine und Webseiten sahen wir uns immer wieder mit Grenzen und Zw\u00e4ngen konfrontiert. Seien es Artikel, die nicht geschrieben werden konnten, weil sie jenseits von vorgegebenen Genre-Grenzen lagen, seien es Artikel, die geschrieben werden mussten, weil es sich um wichtige und gut zahlende Anzeigenkunden handelte. Wir finden: Weder l\u00e4sst sich Kultur in starre Schubladen pressen, noch ist ihre Relevanz abh\u00e4ngig davon, welche finanziellen Mittel K\u00fcnstlern, Promoagenturen oder Buch- und Musikverlagen zur Verf\u00fcgung stehen.<\/p>\n<p style=\"text-align: justify;\"><strong>Darum Schubladenfrei!<\/strong><\/p>\n<p style=\"text-align: justify;\">Mit diesem Blog wollen wir der g\u00e4ngigen Praxis etwas entgegensetzen. Hier werden wir von all dem berichten, was uns berichtenswert erscheint &#8211; frei, unabh\u00e4ngig und gnadenlos subjektiv. Wir m\u00f6chten guter Kultur in all ihren Facetten ein Forum bieten. Musik, Literatur, Film, Theater, Kunst, Geschichte, Veranstaltungstipps und -berichte, Interviews mit Kulturschaffenden, Hinweise auf interessante Reiseziele und vieles mehr.<\/p>\n<p style=\"text-align: justify;\">Auch wir kommen nicht ganz ohne Kategorien aus, immerhin sind Genrebegriffe in erster Linie ein Hilfsmittel. Wichtig ist es uns, davon nicht eingeschr\u00e4nkt zu werden und stets offen f\u00fcr einen Blick \u00fcber den Tellerrand und \u00fcber die g\u00e4ngigen Genrekonventionen hinaus zu sein. Da wir ebenso finden, dass sich Kultur nicht anhand einer Punkteskala bewerten l\u00e4sst, verzichten wir bei Rezensionen auf diese oft \u00fcbliche Praxis.<\/p>\n<hr \/>\n<p>&nbsp;<\/p>\n<h2 style=\"text-align: justify;\"><strong>Beitr\u00e4ge von:<\/strong><\/h2>\n<p><a href=\"\/cms\/author\/janina-stein\/\" target=\"_blank\"><img loading=\"lazy\" class=\"alignleft\" src=\"http:\/\/www.schubladenfrei.com\/cms\/wp-content\/uploads\/userphoto\/33.jpg?1411817613\" alt=\"\" width=\"60\" height=\"60\" \/><\/a><strong>Stein, Janina<\/strong>: Kulturgeographin, Fotografin und freie Journalistin, zuletzt 1 \u00bd Jahre unterwegs in Neuseeland, Australien und Asien. janina.stein[at] schubladenfrei.de | <a href=\"\/cms\/author\/janina-stein\/\" rel=\"author\">Alle Beitr\u00e4ge von Janina Stein \u2192<\/a><\/p>\n<hr \/>\n<p style=\"text-align: justify;\"><a href=\"\/cms\/author\/florian-hessler\/\" target=\"_blank\"><img loading=\"lazy\" class=\"alignleft\" src=\"\/cms\/wp-content\/uploads\/userphoto\/10.thumbnail.jpg\" alt=\"\" width=\"60\" height=\"60\" \/><\/a><strong>Hessler, Florian<\/strong>: Florian Hessler M.A. Arch\u00e4ologe, Historiker und Sozialwissenschaftler, lebt seit 1997 in Berlin und arbeitet derzeit als freier Online- und Printjournalist. floh.hessler[at]schubladenfrei.de | <a href=\"\/cms\/author\/florian-hessler\/\" rel=\"author\">Alle Beitr\u00e4ge von Florian Hessler \u2192<\/a><\/p>\n<hr \/>\n<h3 style=\"text-align: justify;\"><\/h3>\n<h3 style=\"text-align: justify;\"><strong>Technische Beratung \/ Webmaster :<\/strong><\/h3>\n<p style=\"text-align: justify;\"><a href=\"\/cms\/wp-content\/uploads\/2013\/09\/thump60x60.jpeg\"><img loading=\"lazy\" class=\"alignleft size-full wp-image-3259\" src=\"\/cms\/wp-content\/uploads\/2013\/09\/thump60x60.jpeg\" alt=\"thump60x60\" width=\"60\" height=\"60\" \/><\/a><strong>Berger, Carsten<\/strong>: Kontakt: info[at]KulturInSZ.de<\/p>\n","protected":false},"excerpt":{"rendered":"<p>Warum Schubladenfrei? Schon lange sind wir im Bereich des Kulturjournalismus t\u00e4tig. Bei der Arbeit f\u00fcr verschiedene Magazine und Webseiten sahen wir uns immer wieder mit Grenzen und Zw\u00e4ngen konfrontiert. Seien es Artikel, die nicht geschrieben werden konnten, weil sie jenseits &hellip; <a href=\"https:\/\/www.schubladenfrei.com\/cms\/uber-uns\/\">Weiterlesen <span class=\"meta-nav\">&rarr;<\/span><\/a><\/p>\n","protected":false},"author":3,"featured_media":0,"parent":0,"menu_order":0,"comment_status":"open","ping_status":"open","template":"seite-mit-blog-aktuelles.php","meta":[],"_links":{"self":[{"href":"https:\/\/www.schubladenfrei.com\/cms\/wp-json\/wp\/v2\/pages\/3243"}],"collection":[{"href":"https:\/\/www.schubladenfrei.com\/cms\/wp-json\/wp\/v2\/pages"}],"about":[{"href":"https:\/\/www.schubladenfrei.com\/cms\/wp-json\/wp\/v2\/types\/page"}],"author":[{"embeddable":true,"href":"https:\/\/www.schubladenfrei.com\/cms\/wp-json\/wp\/v2\/users\/3"}],"replies":[{"embeddable":true,"href":"https:\/\/www.schubladenfrei.com\/cms\/wp-json\/wp\/v2\/comments?post=3243"}],"version-history":[{"count":101,"href":"https:\/\/www.schubladenfrei.com\/cms\/wp-json\/wp\/v2\/pages\/3243\/revisions"}],"predecessor-version":[{"id":6267,"href":"https:\/\/www.schubladenfrei.com\/cms\/wp-json\/wp\/v2\/pages\/3243\/revisions\/6267"}],"wp:attachment":[{"href":"https:\/\/www.schubladenfrei.com\/cms\/wp-json\/wp\/v2\/media?parent=3243"}],"curies":[{"name":"wp","href":"https:\/\/api.w.org\/{rel}","templated":true}]}}